{"id":348,"date":"2026-04-10T14:35:41","date_gmt":"2026-04-10T14:35:41","guid":{"rendered":"https:\/\/stresa.fi\/?page_id=348"},"modified":"2026-04-22T09:05:19","modified_gmt":"2026-04-22T09:05:19","slug":"irmeli-westermarck-gustaf-inbergin-tarina","status":"publish","type":"page","link":"https:\/\/stresa.fi\/index.php\/irmeli-westermarck-gustaf-inbergin-tarina\/","title":{"rendered":"Irmeli Westermarck, Gustaf Inbergin tarina"},"content":{"rendered":"\n<figure class=\"wp-block-image size-full is-resized\"><img loading=\"lazy\" decoding=\"async\" width=\"235\" height=\"234\" src=\"https:\/\/stresa.fi\/wp-content\/uploads\/2026\/03\/9789527369142.jpg\" alt=\"\" class=\"wp-image-16\" style=\"aspect-ratio:1.0043405676126878;width:288px;height:auto\" srcset=\"https:\/\/stresa.fi\/wp-content\/uploads\/2026\/03\/9789527369142.jpg 235w, https:\/\/stresa.fi\/wp-content\/uploads\/2026\/03\/9789527369142-150x150.jpg 150w\" sizes=\"auto, (max-width: 235px) 100vw, 235px\" \/><\/figure>\n\n\n\n<p>Suomen sodan (1808-1809) aikana kasakat levittiv\u00e4t kauhua ja vihaa Etel\u00e4-Pohjanmaan kuntien asukkaissa. Pohjalaisten talonpoikien joukossa nousi kapinamieli, sill\u00e4 taloista vaadittiin ruokatarvikkeita, ven\u00e4l\u00e4isi\u00e4 piti kyyditt\u00e4\u00e4 pitki\u00e4kin matkoja ja hevosia otettiin omaan k\u00e4ytt\u00f6\u00f6n. Kirjassa kuvataan sotatoimien etenemist\u00e4 Pohjanmaan kuntiin ja Kauhajoella noussutta talonpoikien kapinaa. Ven\u00e4l\u00e4iset uskoivat kauhajokisen Gustaf Inbergin olleen yksi kapinaan yllytt\u00e4jist\u00e4, mist\u00e4 syyst\u00e4 kostotoimet kohdistuivat my\u00f6s h\u00e4nen is\u00e4nn\u00f6im\u00e4\u00e4ns\u00e4 Ala-Knuuttilan tilaan. \u201dGustafin tarina\u201d kuvaa yhden miehen uhrautumista ja sankaruutta sodan aikana sek\u00e4 h\u00e4nen lyhyeksi j\u00e4\u00e4nytt\u00e4 perheonneaan Helena-vaimon ja pienen Johannes-pojan kanssa.<\/p>\n\n\n\n<div class=\"wp-block-columns is-layout-flex wp-container-core-columns-is-layout-28f84493 wp-block-columns-is-layout-flex\">\n<div class=\"wp-block-column is-layout-flow wp-block-column-is-layout-flow\"><\/div>\n\n\n\n<div class=\"wp-block-column is-layout-flow wp-block-column-is-layout-flow\"><\/div>\n<\/div>\n\n\n\n<figure class=\"wp-block-table is-style-stripes\" style=\"margin-top:0;margin-right:0;margin-bottom:0;margin-left:0;font-size:14px\"><table style=\"border-style:none;border-width:0px\"><tbody><tr><td><strong>Nimi<\/strong><\/td><td>Gustaf Inbergin tarina tarinallinen historiakirja<\/td><\/tr><tr><td><strong>Kirjailija<\/strong><\/td><td>Irmeli Westermarck<\/td><\/tr><tr><td><strong>ISBN<\/strong><\/td><td>9789527369142<\/td><\/tr><tr><td><strong>Tuotantovuosi<\/strong><\/td><td>2023<\/td><\/tr><tr><td><strong>Sivum\u00e4\u00e4r\u00e4<\/strong><\/td><td>96<\/td><\/tr><tr><td><strong>Hinta<\/strong><\/td><td>22,50<\/td><\/tr><tr><td><strong>Sidosasu<\/strong><\/td><td>sidottu<\/td><\/tr><\/tbody><\/table><\/figure>\n\n\n\n<p><br><\/p>\n\n\n\n<div class=\"wp-block-buttons is-layout-flex wp-block-buttons-is-layout-flex\">\n<div class=\"wp-block-button is-style-outline is-style-outline--1\"><a class=\"wp-block-button__link has-palette-color-9-color has-text-color has-link-color wp-element-button\" href=\"https:\/\/holvi.com\/shop\/StresaKustannus\/product\/c0242ed27c3b162888668817378ca52a\/\" target=\"_blank\" rel=\"noreferrer noopener\">Osta t\u00e4st\u00e4<\/a><\/div>\n<\/div>\n\n\n\n<p><\/p>\n\n\n\n<p><\/p>\n\n\n\n<p style=\"text-transform:uppercase\"><\/p>\n","protected":false},"excerpt":{"rendered":"<p>Suomen sodan (1808-1809) aikana kasakat levittiv\u00e4t kauhua ja vihaa Etel\u00e4-Pohjanmaan kuntien asukkaissa. Pohjalaisten talonpoikien joukossa nousi kapinamieli, sill\u00e4 taloista vaadittiin ruokatarvikkeita, ven\u00e4l\u00e4isi\u00e4 piti kyyditt\u00e4\u00e4 pitki\u00e4kin matkoja ja hevosia otettiin omaan k\u00e4ytt\u00f6\u00f6n. Kirjassa kuvataan sotatoimien etenemist\u00e4 Pohjanmaan kuntiin ja Kauhajoella noussutta talonpoikien kapinaa. Ven\u00e4l\u00e4iset uskoivat kauhajokisen Gustaf Inbergin olleen yksi kapinaan yllytt\u00e4jist\u00e4, mist\u00e4 syyst\u00e4 kostotoimet kohdistuivat [&hellip;]<\/p>\n","protected":false},"author":1,"featured_media":0,"parent":0,"menu_order":0,"comment_status":"closed","ping_status":"closed","template":"","meta":{"footnotes":""},"class_list":["post-348","page","type-page","status-publish","hentry"],"blocksy_meta":[],"_links":{"self":[{"href":"https:\/\/stresa.fi\/index.php\/wp-json\/wp\/v2\/pages\/348","targetHints":{"allow":["GET"]}}],"collection":[{"href":"https:\/\/stresa.fi\/index.php\/wp-json\/wp\/v2\/pages"}],"about":[{"href":"https:\/\/stresa.fi\/index.php\/wp-json\/wp\/v2\/types\/page"}],"author":[{"embeddable":true,"href":"https:\/\/stresa.fi\/index.php\/wp-json\/wp\/v2\/users\/1"}],"replies":[{"embeddable":true,"href":"https:\/\/stresa.fi\/index.php\/wp-json\/wp\/v2\/comments?post=348"}],"version-history":[{"count":3,"href":"https:\/\/stresa.fi\/index.php\/wp-json\/wp\/v2\/pages\/348\/revisions"}],"predecessor-version":[{"id":683,"href":"https:\/\/stresa.fi\/index.php\/wp-json\/wp\/v2\/pages\/348\/revisions\/683"}],"wp:attachment":[{"href":"https:\/\/stresa.fi\/index.php\/wp-json\/wp\/v2\/media?parent=348"}],"curies":[{"name":"wp","href":"https:\/\/api.w.org\/{rel}","templated":true}]}}