{"id":420,"date":"2026-04-11T15:25:17","date_gmt":"2026-04-11T15:25:17","guid":{"rendered":"https:\/\/stresa.fi\/?page_id=420"},"modified":"2026-04-22T09:09:15","modified_gmt":"2026-04-22T09:09:15","slug":"jaana-sarell-tolkullinen-arvopohja","status":"publish","type":"page","link":"https:\/\/stresa.fi\/index.php\/jaana-sarell-tolkullinen-arvopohja\/","title":{"rendered":"Jaana Sarell, Tolkullinen arvopohja"},"content":{"rendered":"\n<figure class=\"wp-block-image size-full is-resized\"><img loading=\"lazy\" decoding=\"async\" width=\"215\" height=\"313\" src=\"https:\/\/stresa.fi\/wp-content\/uploads\/2026\/03\/tolkullinen_arvopohja_kansi.png\" alt=\"\" class=\"wp-image-119\" style=\"width:auto;height:400px\" srcset=\"https:\/\/stresa.fi\/wp-content\/uploads\/2026\/03\/tolkullinen_arvopohja_kansi.png 215w, https:\/\/stresa.fi\/wp-content\/uploads\/2026\/03\/tolkullinen_arvopohja_kansi-206x300.png 206w\" sizes=\"auto, (max-width: 215px) 100vw, 215px\" \/><\/figure>\n\n\n\n<p>Yhteiskunnasta puuttuvat kuri, j\u00e4rjestys ja oikeiden arvojen kunnioitus. Hosumiseksi menee. Kansa kaipaa arvojohtajaa. Ep\u00e4kohtia t\u00e4ytyy ruotia my\u00f6s murteella, sill\u00e4 Suomi on pitk\u00e4 maa. Kantaa otetaan ainakin sote-uudistukseen, ilmastonmuutokseen, kaupan sis\u00e4iseen logistiikkaan ja liikenneympyr\u00e4ss\u00e4 ajamiseen. Arvojohtajana Hellevi Ala-Tyrkk\u00f6 pohjoisen alter-egonsa kanssa.<\/p>\n\n\n\n<p>Tarinat ovat t\u00e4ysin fiktiivisi\u00e4, suoraan el\u00e4v\u00e4st\u00e4 el\u00e4m\u00e4st\u00e4.<\/p>\n\n\n\n<figure class=\"wp-block-table is-style-stripes\" style=\"padding-top:0;padding-right:0;padding-bottom:0;padding-left:0\"><table><tbody><tr><th class=\"has-text-align-left\" data-align=\"left\">Nimi<\/th><td class=\"has-text-align-left\" data-align=\"left\">Tolkullinen arvopohja, pakinoita<\/td><\/tr><tr><th class=\"has-text-align-left\" data-align=\"left\">Kirjailija<\/th><td class=\"has-text-align-left\" data-align=\"left\">Sarell, Jaana<\/td><\/tr><tr><th class=\"has-text-align-left\" data-align=\"left\">ISBN<\/th><td class=\"has-text-align-left\" data-align=\"left\">978-952- 68772-0-4<\/td><\/tr><tr><th class=\"has-text-align-left\" data-align=\"left\">Tuotantovuosi<\/th><td class=\"has-text-align-left\" data-align=\"left\">2017<\/td><\/tr><tr><th class=\"has-text-align-left\" data-align=\"left\">Sivum\u00e4\u00e4r\u00e4<\/th><td class=\"has-text-align-left\" data-align=\"left\">104<\/td><\/tr><tr><th class=\"has-text-align-left\" data-align=\"left\">Hinta<\/th><td class=\"has-text-align-left\" data-align=\"left\">19,80 \u20ac<\/td><\/tr><tr><th class=\"has-text-align-left\" data-align=\"left\">Sidosasu<\/th><td class=\"has-text-align-left\" data-align=\"left\">nidottu<\/td><\/tr><\/tbody><\/table><\/figure>\n\n\n\n<div class=\"wp-block-buttons is-layout-flex wp-block-buttons-is-layout-flex\">\n<div class=\"wp-block-button is-style-outline is-style-outline--1\"><a class=\"wp-block-button__link has-palette-color-9-color has-text-color has-link-color wp-element-button\" href=\"https:\/\/holvi.com\/shop\/StresaKustannus\/product\/891b11fee6e9465b8c2bfc77480f8878\/\" target=\"_blank\" rel=\"noreferrer noopener\">Osta t\u00e4st\u00e4<\/a><\/div>\n<\/div>\n","protected":false},"excerpt":{"rendered":"<p>Yhteiskunnasta puuttuvat kuri, j\u00e4rjestys ja oikeiden arvojen kunnioitus. Hosumiseksi menee. Kansa kaipaa arvojohtajaa. Ep\u00e4kohtia t\u00e4ytyy ruotia my\u00f6s murteella, sill\u00e4 Suomi on pitk\u00e4 maa. Kantaa otetaan ainakin sote-uudistukseen, ilmastonmuutokseen, kaupan sis\u00e4iseen logistiikkaan ja liikenneympyr\u00e4ss\u00e4 ajamiseen. Arvojohtajana Hellevi Ala-Tyrkk\u00f6 pohjoisen alter-egonsa kanssa. Tarinat ovat t\u00e4ysin fiktiivisi\u00e4, suoraan el\u00e4v\u00e4st\u00e4 el\u00e4m\u00e4st\u00e4. Nimi Tolkullinen arvopohja, pakinoita Kirjailija Sarell, Jaana ISBN [&hellip;]<\/p>\n","protected":false},"author":1,"featured_media":0,"parent":0,"menu_order":0,"comment_status":"closed","ping_status":"closed","template":"","meta":{"footnotes":""},"class_list":["post-420","page","type-page","status-publish","hentry"],"blocksy_meta":[],"_links":{"self":[{"href":"https:\/\/stresa.fi\/index.php\/wp-json\/wp\/v2\/pages\/420","targetHints":{"allow":["GET"]}}],"collection":[{"href":"https:\/\/stresa.fi\/index.php\/wp-json\/wp\/v2\/pages"}],"about":[{"href":"https:\/\/stresa.fi\/index.php\/wp-json\/wp\/v2\/types\/page"}],"author":[{"embeddable":true,"href":"https:\/\/stresa.fi\/index.php\/wp-json\/wp\/v2\/users\/1"}],"replies":[{"embeddable":true,"href":"https:\/\/stresa.fi\/index.php\/wp-json\/wp\/v2\/comments?post=420"}],"version-history":[{"count":4,"href":"https:\/\/stresa.fi\/index.php\/wp-json\/wp\/v2\/pages\/420\/revisions"}],"predecessor-version":[{"id":686,"href":"https:\/\/stresa.fi\/index.php\/wp-json\/wp\/v2\/pages\/420\/revisions\/686"}],"wp:attachment":[{"href":"https:\/\/stresa.fi\/index.php\/wp-json\/wp\/v2\/media?parent=420"}],"curies":[{"name":"wp","href":"https:\/\/api.w.org\/{rel}","templated":true}]}}