{"id":423,"date":"2026-04-11T15:30:24","date_gmt":"2026-04-11T15:30:24","guid":{"rendered":"https:\/\/stresa.fi\/?page_id=423"},"modified":"2026-04-22T09:18:27","modified_gmt":"2026-04-22T09:18:27","slug":"maritta-hirvonen-aikaviivoja-rakkautta","status":"publish","type":"page","link":"https:\/\/stresa.fi\/index.php\/maritta-hirvonen-aikaviivoja-rakkautta\/","title":{"rendered":"Maritta Hirvonen, Aikaviivoja, rakkautta"},"content":{"rendered":"\n<figure class=\"wp-block-image size-medium is-resized\"><img loading=\"lazy\" decoding=\"async\" width=\"300\" height=\"300\" src=\"https:\/\/stresa.fi\/wp-content\/uploads\/2026\/03\/Aikaviivoja-rakkautta.-kansi-varjolla-e1645899618418-300x300.jpg\" alt=\"\" class=\"wp-image-18\" style=\"aspect-ratio:1.003060134063016;width:399px;height:auto\" srcset=\"https:\/\/stresa.fi\/wp-content\/uploads\/2026\/03\/Aikaviivoja-rakkautta.-kansi-varjolla-e1645899618418-300x300.jpg 300w, https:\/\/stresa.fi\/wp-content\/uploads\/2026\/03\/Aikaviivoja-rakkautta.-kansi-varjolla-e1645899618418-150x150.jpg 150w, https:\/\/stresa.fi\/wp-content\/uploads\/2026\/03\/Aikaviivoja-rakkautta.-kansi-varjolla-e1645899618418-768x766.jpg 768w, https:\/\/stresa.fi\/wp-content\/uploads\/2026\/03\/Aikaviivoja-rakkautta.-kansi-varjolla-e1645899618418.jpg 984w\" sizes=\"auto, (max-width: 300px) 100vw, 300px\" \/><\/figure>\n\n\n\n<p>Rutilla oli uskomaton huumori ja itselleen nauramisen taito. Eik\u00e4 se ikin\u00e4 tuominnut mist\u00e4\u00e4n. Hyv\u00e4ksyi ja rakasti vain, ja kaikesta sen kanssa pystyi puhumaan.<br>(Veera Gustafsson)<br>Oli hirve\u00e4n kiva tutustua Uskoon, kun siin\u00e4 oli yht\u00e4kki\u00e4 s\u00e4velt\u00e4j\u00e4, joka osasi sanoa mit\u00e4 tekee ja mit\u00e4 tapahtuu. Teoksistaan n\u00e4ki, ett\u00e4 sill\u00e4 oli palava sielu t\u00e4ynn\u00e4 kaikenlaisia tuntoja.<br>(Meri Louhos)<br>Ruti oli herkk\u00e4 ihminen. Voimakas, k\u00e4he\u00e4 \u00e4\u00e4ni antoi ensin vaikutelman vahvuudesta, mutta jopa kaltaiselleni nuorelle ihmiselle sielt\u00e4 tuli l\u00e4pi se herkkyys ja se, miten vakavasti se mietti asioita. En muista, ett\u00e4 olisi koskaan sanonut yhdellek\u00e4\u00e4n oppilaalle ilke\u00e4sti.<br>(Raija-Leena S\u00f6derholm)<br>Oli sympaattista k\u00e4yd\u00e4 siell\u00e4 heid\u00e4n kotonaan. Rutikin py\u00f6r\u00e4hti siin\u00e4 ja oli hirve\u00e4n iloinen, sanoi aina jotakin hauskaa. Oli sellainen rehev\u00e4 tyyppi. Usko oli todella yst\u00e4v\u00e4llinen, l\u00e4mmin ja hymyilev\u00e4. Tuli sellainen tunne, ett\u00e4 s\u00e4velt\u00e4j\u00e4t on mukavaa porukkaa, johon on kivan kuulua.<br>(Lotta Wenn\u00e4koski)<br>&#8212;&#8211;<br>Aikaviivoja, rakkautta rakentaa kuvan taiteilijapariskunnan, koreografi Ruth Matson (1931-2020) ja s\u00e4velt\u00e4j\u00e4 Usko Meril\u00e4isen (1930-2004), el\u00e4m\u00e4st\u00e4, ty\u00f6st\u00e4 ja merkityksest\u00e4 tanssin ja s\u00e4veltaiteen uranuurtajina Suomessa.<\/p>\n\n\n\n<figure class=\"wp-block-table is-style-stripes\"><table><tbody><tr><th class=\"has-text-align-left\" data-align=\"left\">Nimi<\/th><td class=\"has-text-align-left\" data-align=\"left\">Aikaviivoja, rakkautta \u2013 Ruth Matson ja Usko Meril\u00e4isen tarina Taiteilijael\u00e4m\u00e4kerta<\/td><\/tr><tr><th class=\"has-text-align-left\" data-align=\"left\">Kirjailija<\/th><td class=\"has-text-align-left\" data-align=\"left\">Maritta Hirvonen<\/td><\/tr><tr><th class=\"has-text-align-left\" data-align=\"left\">ISBN<\/th><td class=\"has-text-align-left\" data-align=\"left\">978-952-7369-08-1<\/td><\/tr><tr><th class=\"has-text-align-left\" data-align=\"left\">Tuotantovuosi<\/th><td class=\"has-text-align-left\" data-align=\"left\">2022<\/td><\/tr><tr><th class=\"has-text-align-left\" data-align=\"left\">Sivum\u00e4\u00e4r\u00e4<\/th><td class=\"has-text-align-left\" data-align=\"left\">192<\/td><\/tr><tr><th class=\"has-text-align-left\" data-align=\"left\">Hinta<\/th><td class=\"has-text-align-left\" data-align=\"left\">24,50<\/td><\/tr><tr><th class=\"has-text-align-left\" data-align=\"left\">Sidosasu<\/th><td class=\"has-text-align-left\" data-align=\"left\">Nidottu<\/td><\/tr><\/tbody><\/table><\/figure>\n\n\n\n<div class=\"wp-block-buttons is-layout-flex wp-block-buttons-is-layout-flex\">\n<div class=\"wp-block-button is-style-outline is-style-outline--1\"><a class=\"wp-block-button__link has-palette-color-9-color has-text-color has-link-color wp-element-button\" href=\"https:\/\/holvi.com\/shop\/StresaKustannus\/product\/98da4f1d303a159eff85f61ab367e4db\/\" target=\"_blank\" rel=\"noreferrer noopener\">Osta t\u00e4st\u00e4<\/a><\/div>\n<\/div>\n\n\n\n<p><\/p>\n","protected":false},"excerpt":{"rendered":"<p>Rutilla oli uskomaton huumori ja itselleen nauramisen taito. Eik\u00e4 se ikin\u00e4 tuominnut mist\u00e4\u00e4n. Hyv\u00e4ksyi ja rakasti vain, ja kaikesta sen kanssa pystyi puhumaan.(Veera Gustafsson)Oli hirve\u00e4n kiva tutustua Uskoon, kun siin\u00e4 oli yht\u00e4kki\u00e4 s\u00e4velt\u00e4j\u00e4, joka osasi sanoa mit\u00e4 tekee ja mit\u00e4 tapahtuu. Teoksistaan n\u00e4ki, ett\u00e4 sill\u00e4 oli palava sielu t\u00e4ynn\u00e4 kaikenlaisia tuntoja.(Meri Louhos)Ruti oli herkk\u00e4 ihminen. [&hellip;]<\/p>\n","protected":false},"author":1,"featured_media":0,"parent":0,"menu_order":0,"comment_status":"closed","ping_status":"closed","template":"","meta":{"footnotes":""},"class_list":["post-423","page","type-page","status-publish","hentry"],"blocksy_meta":[],"_links":{"self":[{"href":"https:\/\/stresa.fi\/index.php\/wp-json\/wp\/v2\/pages\/423","targetHints":{"allow":["GET"]}}],"collection":[{"href":"https:\/\/stresa.fi\/index.php\/wp-json\/wp\/v2\/pages"}],"about":[{"href":"https:\/\/stresa.fi\/index.php\/wp-json\/wp\/v2\/types\/page"}],"author":[{"embeddable":true,"href":"https:\/\/stresa.fi\/index.php\/wp-json\/wp\/v2\/users\/1"}],"replies":[{"embeddable":true,"href":"https:\/\/stresa.fi\/index.php\/wp-json\/wp\/v2\/comments?post=423"}],"version-history":[{"count":5,"href":"https:\/\/stresa.fi\/index.php\/wp-json\/wp\/v2\/pages\/423\/revisions"}],"predecessor-version":[{"id":688,"href":"https:\/\/stresa.fi\/index.php\/wp-json\/wp\/v2\/pages\/423\/revisions\/688"}],"wp:attachment":[{"href":"https:\/\/stresa.fi\/index.php\/wp-json\/wp\/v2\/media?parent=423"}],"curies":[{"name":"wp","href":"https:\/\/api.w.org\/{rel}","templated":true}]}}