{"id":442,"date":"2026-04-11T19:12:58","date_gmt":"2026-04-11T19:12:58","guid":{"rendered":"https:\/\/stresa.fi\/?page_id=442"},"modified":"2026-04-22T09:24:17","modified_gmt":"2026-04-22T09:24:17","slug":"maritta-hirvonen-hamaranmaassa-valon-syvyys","status":"publish","type":"page","link":"https:\/\/stresa.fi\/index.php\/maritta-hirvonen-hamaranmaassa-valon-syvyys\/","title":{"rendered":"Maritta Hirvonen, H\u00e4m\u00e4r\u00e4nmaassa valon syvyys"},"content":{"rendered":"\n<figure class=\"wp-block-image size-large is-resized\"><img loading=\"lazy\" decoding=\"async\" width=\"1024\" height=\"915\" src=\"https:\/\/stresa.fi\/wp-content\/uploads\/2026\/03\/Hamaranmaa-kansi-nettiin-1024x915.jpg\" alt=\"\" class=\"wp-image-20\" style=\"width:auto;height:400px\" srcset=\"https:\/\/stresa.fi\/wp-content\/uploads\/2026\/03\/Hamaranmaa-kansi-nettiin-1024x915.jpg 1024w, https:\/\/stresa.fi\/wp-content\/uploads\/2026\/03\/Hamaranmaa-kansi-nettiin-300x268.jpg 300w, https:\/\/stresa.fi\/wp-content\/uploads\/2026\/03\/Hamaranmaa-kansi-nettiin-768x686.jpg 768w, https:\/\/stresa.fi\/wp-content\/uploads\/2026\/03\/Hamaranmaa-kansi-nettiin.jpg 1388w\" sizes=\"auto, (max-width: 1024px) 100vw, 1024px\" \/><\/figure>\n\n\n\n<p>\u201cEl\u00e4m\u00e4 on kuin varjo h\u00e4ilyv\u00e4inen, vain n\u00e4yttelij\u00e4 rukka, joka riehuin lavalla keikkuu aikansa ja h\u00e4ipyy; se kertomus on hupsun tarinoima, t\u00e4ys \u00e4\u00e4nt\u00e4, vimmaa \u2013 tarkoitusta vailla.\u201d<br>N\u00e4in Jouni Kaipainen siteerasi Shakespearea viimeiseksi j\u00e4\u00e4neen konserttonsa k\u00e4siohjelmassa. Pasuunakonsertto op. 100, \u201dLife is\u2026\u201d , sai kantaesityksens\u00e4 Porvoon Suvisoitossa kes\u00e4ll\u00e4 2015 \u2013 muutama kuukausi ennen s\u00e4velt\u00e4j\u00e4n kuolemaa.<\/p>\n\n\n\n<p><strong>H\u00e4m\u00e4r\u00e4nmaassa valon syvyys<\/strong>&nbsp;kertoo Jouni Kaipaisen (1956-2015) tarinan. Yst\u00e4vien, sukulaisten ja kollegojen kertomusten kautta piirtyy kuva erityislahjakkuudesta, suurten linjojen renessanssihahmosta, joka tunnollisesti arkistoi pienimm\u00e4tkin muistonsa. S\u00e4vellystuotanto k\u00e4yd\u00e4\u00e4n l\u00e4pi tulkitsijoiden \u2013 solistien, kamarimuusikoiden ja kapellimestareiden \u2013 kokemuksen kautta. Mukaan valikoituneet Anu Kaipaisen muistiinpanot kertovat omintakeisesta lapsesta, joka tutki Beethovenin partituureja samalla intohimolla kuin luki maailmankirjallisuuden klassikoita.<br>Kirja laajenee tarinaksi yhdest\u00e4 aikakaudesta ja yhdest\u00e4 s\u00e4velt\u00e4j\u00e4polvesta oppi-isineen. Se kertoo my\u00f6s opetusty\u00f6st\u00e4, jossa Kaipainen ja kollegat ansioituivat. Uusi rohkea s\u00e4velt\u00e4j\u00e4polvi kasvaa nyt heid\u00e4n jalanj\u00e4ljiss\u00e4\u00e4n.<br>Kirjan toinen osa koostuu Jouni Kaipaisen teksteist\u00e4. Kolme musiikkia ja taidetta k\u00e4sittelev\u00e4\u00e4 puheenvuoroa sek\u00e4 ohjelmakommentit omista ja Beethovenin teoksista muodostavat kulttuurihistoriallisesti merkitt\u00e4v\u00e4n lukupaketin.<\/p>\n\n\n\n<figure class=\"wp-block-table is-style-stripes\"><table><tbody><tr><th class=\"has-text-align-left\" data-align=\"left\">Nimi<\/th><td class=\"has-text-align-left\" data-align=\"left\">H\u00e4m\u00e4r\u00e4nmaassa valon syvyys s\u00e4velt\u00e4j\u00e4el\u00e4m\u00e4kerta<\/td><\/tr><tr><th class=\"has-text-align-left\" data-align=\"left\">Kirjailija<\/th><td class=\"has-text-align-left\" data-align=\"left\">Maritta Hirvonen<\/td><\/tr><tr><th class=\"has-text-align-left\" data-align=\"left\">ISBN<\/th><td class=\"has-text-align-left\" data-align=\"left\">978-952-7369-01-2<\/td><\/tr><tr><th class=\"has-text-align-left\" data-align=\"left\">Tuotantovuosi<\/th><td class=\"has-text-align-left\" data-align=\"left\">2020<\/td><\/tr><tr><th class=\"has-text-align-left\" data-align=\"left\">Sivum\u00e4\u00e4r\u00e4<\/th><td class=\"has-text-align-left\" data-align=\"left\">252<\/td><\/tr><tr><th class=\"has-text-align-left\" data-align=\"left\">Hinta<\/th><td class=\"has-text-align-left\" data-align=\"left\">24,50<\/td><\/tr><tr><th class=\"has-text-align-left\" data-align=\"left\">Sidosasu<\/th><td class=\"has-text-align-left\" data-align=\"left\">nidottu<\/td><\/tr><\/tbody><\/table><\/figure>\n\n\n\n<div class=\"wp-block-buttons is-layout-flex wp-block-buttons-is-layout-flex\">\n<div class=\"wp-block-button is-style-outline is-style-outline--1\"><a class=\"wp-block-button__link has-palette-color-9-color has-text-color has-link-color wp-element-button\" href=\"https:\/\/holvi.com\/shop\/StresaKustannus\/product\/273c601cfb5b6d3b011579456af5c467\/\" target=\"_blank\" rel=\"noreferrer noopener\">Osta t\u00e4st\u00e4<\/a><\/div>\n<\/div>\n\n\n\n<p><\/p>\n","protected":false},"excerpt":{"rendered":"<p>\u201cEl\u00e4m\u00e4 on kuin varjo h\u00e4ilyv\u00e4inen, vain n\u00e4yttelij\u00e4 rukka, joka riehuin lavalla keikkuu aikansa ja h\u00e4ipyy; se kertomus on hupsun tarinoima, t\u00e4ys \u00e4\u00e4nt\u00e4, vimmaa \u2013 tarkoitusta vailla.\u201dN\u00e4in Jouni Kaipainen siteerasi Shakespearea viimeiseksi j\u00e4\u00e4neen konserttonsa k\u00e4siohjelmassa. Pasuunakonsertto op. 100, \u201dLife is\u2026\u201d , sai kantaesityksens\u00e4 Porvoon Suvisoitossa kes\u00e4ll\u00e4 2015 \u2013 muutama kuukausi ennen s\u00e4velt\u00e4j\u00e4n kuolemaa. H\u00e4m\u00e4r\u00e4nmaassa valon syvyys&nbsp;kertoo [&hellip;]<\/p>\n","protected":false},"author":1,"featured_media":0,"parent":0,"menu_order":0,"comment_status":"closed","ping_status":"closed","template":"","meta":{"footnotes":""},"class_list":["post-442","page","type-page","status-publish","hentry"],"blocksy_meta":[],"_links":{"self":[{"href":"https:\/\/stresa.fi\/index.php\/wp-json\/wp\/v2\/pages\/442","targetHints":{"allow":["GET"]}}],"collection":[{"href":"https:\/\/stresa.fi\/index.php\/wp-json\/wp\/v2\/pages"}],"about":[{"href":"https:\/\/stresa.fi\/index.php\/wp-json\/wp\/v2\/types\/page"}],"author":[{"embeddable":true,"href":"https:\/\/stresa.fi\/index.php\/wp-json\/wp\/v2\/users\/1"}],"replies":[{"embeddable":true,"href":"https:\/\/stresa.fi\/index.php\/wp-json\/wp\/v2\/comments?post=442"}],"version-history":[{"count":2,"href":"https:\/\/stresa.fi\/index.php\/wp-json\/wp\/v2\/pages\/442\/revisions"}],"predecessor-version":[{"id":691,"href":"https:\/\/stresa.fi\/index.php\/wp-json\/wp\/v2\/pages\/442\/revisions\/691"}],"wp:attachment":[{"href":"https:\/\/stresa.fi\/index.php\/wp-json\/wp\/v2\/media?parent=442"}],"curies":[{"name":"wp","href":"https:\/\/api.w.org\/{rel}","templated":true}]}}