{"id":478,"date":"2026-04-11T19:55:44","date_gmt":"2026-04-11T19:55:44","guid":{"rendered":"https:\/\/stresa.fi\/?page_id=478"},"modified":"2026-04-22T09:38:36","modified_gmt":"2026-04-22T09:38:36","slug":"pirjo-ja-reijo-toivanen-salsaa-ja-mojitoa","status":"publish","type":"page","link":"https:\/\/stresa.fi\/index.php\/pirjo-ja-reijo-toivanen-salsaa-ja-mojitoa\/","title":{"rendered":"Pirjo ja Reijo Toivanen, Salsaa ja mojitoa"},"content":{"rendered":"\n<figure class=\"wp-block-image size-full is-resized\"><img loading=\"lazy\" decoding=\"async\" width=\"945\" height=\"946\" src=\"https:\/\/stresa.fi\/wp-content\/uploads\/2026\/03\/9789527369067.jpg\" alt=\"\" class=\"wp-image-14\" style=\"width:auto;height:400px\" srcset=\"https:\/\/stresa.fi\/wp-content\/uploads\/2026\/03\/9789527369067.jpg 945w, https:\/\/stresa.fi\/wp-content\/uploads\/2026\/03\/9789527369067-300x300.jpg 300w, https:\/\/stresa.fi\/wp-content\/uploads\/2026\/03\/9789527369067-150x150.jpg 150w, https:\/\/stresa.fi\/wp-content\/uploads\/2026\/03\/9789527369067-768x769.jpg 768w\" sizes=\"auto, (max-width: 945px) 100vw, 945px\" \/><\/figure>\n\n\n\n<p>Pirjo ja Reijo Toivanen kutsuvat lukijansa nojatuolimatkalle Etel\u00e4-Amerikkaan!<br>Salsa soi Havannassa, bossa nova Rio Janeirossa ja tango Buenos Airesissa. Kaduilla ja puistoissa ilo purkautuu tanssina ja lauluna. Tyynenmeren kalat ja \u00e4yri\u00e4iset maistuvat paikan p\u00e4\u00e4ll\u00e4 ja makutottumukset levi\u00e4v\u00e4t maailmalle kuten peruna aikoinaan. Hemingwayn lempijuoma oli Daiquiri, mutta mojito pirist\u00e4\u00e4 p\u00e4iv\u00e4\u00e4 vaikka ilman valkoista rommia.<\/p>\n\n\n\n<p>Reijon valokuvat ja Pirjon p\u00e4iv\u00e4kirjamerkinn\u00e4t vuosilta 2010-2015 viev\u00e4t atsteekkihistoriaan Meksikossa, inkojen valtakuntaan Perussa ja maistelemaan rosvopaistia mayojen majoilla Jukatanin niemimaalla. L\u00e4hihistorian talouskasvu on luonut mukavuutta ihmisten el\u00e4m\u00e4\u00e4n monessa suurkaupungissa. Se n\u00e4kyy ehk\u00e4 selvimmin Santiago de Chilen pilvenpiirt\u00e4jiss\u00e4 ja Bogotan ostoskeskuksissa, joissa tunnelma on kuin Lontoossa tai Milanossa.<br>P\u00e4\u00e4si\u00e4issaarten patsaat ovat n\u00e4hneet menneen ja tuijottavat tulevaan. Atacaman autiomaassa pakkasy\u00f6t vaihtuvat p\u00e4iv\u00e4npaisteen helteeseen ja vuortensein\u00e4mien mineraalit kimmelt\u00e4v\u00e4t sateenkaaren v\u00e4reiss\u00e4. Iguaz\u00fan putoukset Brasilian, Argentiinan ja Paraguayn rajalla pys\u00e4ytt\u00e4v\u00e4t kulkijat h\u00e4mm\u00e4stelem\u00e4\u00e4n vesimassojen m\u00e4\u00e4r\u00e4\u00e4, Amazonin viidakkojen laajuus ja vihreys luonnon monimuotoisuutta ja Costa Rican pilvimets\u00e4t sen herkkyytt\u00e4.<\/p>\n\n\n\n<figure class=\"wp-block-table is-style-stripes\"><table><tbody><tr><th class=\"has-text-align-left\" data-align=\"left\">Nimi<\/th><td class=\"has-text-align-left\" data-align=\"left\">Salsaa ja mojitoa, matkakirja<\/td><\/tr><tr><th class=\"has-text-align-left\" data-align=\"left\">Kirjailija<\/th><td class=\"has-text-align-left\" data-align=\"left\">Pirjo ja Reijo Toivanen<\/td><\/tr><tr><th class=\"has-text-align-left\" data-align=\"left\">ISBN<\/th><td class=\"has-text-align-left\" data-align=\"left\">978-952-7369-06-7<\/td><\/tr><tr><th class=\"has-text-align-left\" data-align=\"left\">Tuotantovuosi<\/th><td class=\"has-text-align-left\" data-align=\"left\">2021<\/td><\/tr><tr><th class=\"has-text-align-left\" data-align=\"left\">Sivum\u00e4\u00e4r\u00e4<\/th><td class=\"has-text-align-left\" data-align=\"left\">192<\/td><\/tr><tr><th class=\"has-text-align-left\" data-align=\"left\">Hinta<\/th><td class=\"has-text-align-left\" data-align=\"left\">29<\/td><\/tr><tr><th class=\"has-text-align-left\" data-align=\"left\">Sidosasu<\/th><td class=\"has-text-align-left\" data-align=\"left\">Sidottu<\/td><\/tr><\/tbody><\/table><\/figure>\n\n\n\n<div class=\"wp-block-buttons is-layout-flex wp-block-buttons-is-layout-flex\">\n<div class=\"wp-block-button is-style-outline is-style-outline--1\"><a class=\"wp-block-button__link has-palette-color-9-color has-text-color has-link-color wp-element-button\" href=\"https:\/\/holvi.com\/shop\/StresaKustannus\/product\/cb0c82b039377f98c7c5dd43d4f723ec\/\" target=\"_blank\" rel=\"noreferrer noopener\">Osta t\u00e4st\u00e4<\/a><\/div>\n<\/div>\n\n\n\n<p><\/p>\n","protected":false},"excerpt":{"rendered":"<p>Pirjo ja Reijo Toivanen kutsuvat lukijansa nojatuolimatkalle Etel\u00e4-Amerikkaan!Salsa soi Havannassa, bossa nova Rio Janeirossa ja tango Buenos Airesissa. Kaduilla ja puistoissa ilo purkautuu tanssina ja lauluna. Tyynenmeren kalat ja \u00e4yri\u00e4iset maistuvat paikan p\u00e4\u00e4ll\u00e4 ja makutottumukset levi\u00e4v\u00e4t maailmalle kuten peruna aikoinaan. Hemingwayn lempijuoma oli Daiquiri, mutta mojito pirist\u00e4\u00e4 p\u00e4iv\u00e4\u00e4 vaikka ilman valkoista rommia. Reijon valokuvat ja [&hellip;]<\/p>\n","protected":false},"author":1,"featured_media":0,"parent":0,"menu_order":0,"comment_status":"closed","ping_status":"closed","template":"","meta":{"footnotes":""},"class_list":["post-478","page","type-page","status-publish","hentry"],"blocksy_meta":[],"_links":{"self":[{"href":"https:\/\/stresa.fi\/index.php\/wp-json\/wp\/v2\/pages\/478","targetHints":{"allow":["GET"]}}],"collection":[{"href":"https:\/\/stresa.fi\/index.php\/wp-json\/wp\/v2\/pages"}],"about":[{"href":"https:\/\/stresa.fi\/index.php\/wp-json\/wp\/v2\/types\/page"}],"author":[{"embeddable":true,"href":"https:\/\/stresa.fi\/index.php\/wp-json\/wp\/v2\/users\/1"}],"replies":[{"embeddable":true,"href":"https:\/\/stresa.fi\/index.php\/wp-json\/wp\/v2\/comments?post=478"}],"version-history":[{"count":2,"href":"https:\/\/stresa.fi\/index.php\/wp-json\/wp\/v2\/pages\/478\/revisions"}],"predecessor-version":[{"id":702,"href":"https:\/\/stresa.fi\/index.php\/wp-json\/wp\/v2\/pages\/478\/revisions\/702"}],"wp:attachment":[{"href":"https:\/\/stresa.fi\/index.php\/wp-json\/wp\/v2\/media?parent=478"}],"curies":[{"name":"wp","href":"https:\/\/api.w.org\/{rel}","templated":true}]}}