{"id":481,"date":"2026-04-11T20:07:34","date_gmt":"2026-04-11T20:07:34","guid":{"rendered":"https:\/\/stresa.fi\/?page_id=481"},"modified":"2026-04-22T09:41:39","modified_gmt":"2026-04-22T09:41:39","slug":"pirjo-puukko-kesalintuni-lenna-lenna","status":"publish","type":"page","link":"https:\/\/stresa.fi\/index.php\/pirjo-puukko-kesalintuni-lenna-lenna\/","title":{"rendered":"Pirjo Puukko, Kes\u00e4lintuni lenn\u00e4, lenn\u00e4"},"content":{"rendered":"\n<figure class=\"wp-block-image size-full is-resized\"><img loading=\"lazy\" decoding=\"async\" width=\"606\" height=\"858\" src=\"https:\/\/stresa.fi\/wp-content\/uploads\/2026\/03\/kesalintu_etukansi_72.jpg\" alt=\"\" class=\"wp-image-23\" style=\"width:auto;height:400px\" srcset=\"https:\/\/stresa.fi\/wp-content\/uploads\/2026\/03\/kesalintu_etukansi_72.jpg 606w, https:\/\/stresa.fi\/wp-content\/uploads\/2026\/03\/kesalintu_etukansi_72-212x300.jpg 212w\" sizes=\"auto, (max-width: 606px) 100vw, 606px\" \/><\/figure>\n\n\n\n<p>Sakarin kes\u00e4\u00e4n mahtuu vain yksi asia. H\u00e4n on l\u00f6yt\u00e4nyt alkukes\u00e4ll\u00e4 avuttoman linnunpoikasen mets\u00e4st\u00e4 ja tuo sen aarteena m\u00f6kille. Kaikki eiv\u00e4t ole ihastuneita Sakarin l\u00f6yt\u00f6\u00f6n, erityisesti isosisko Kertulla on kitkeri\u00e4 mielipiteit\u00e4.<br>Perhe pohtii asiaa p\u00e4\u00e4sem\u00e4tt\u00e4 selke\u00e4\u00e4n ratkaisuun, ja niin linnunpoikanen j\u00e4\u00e4 kuin varkain hoivattavaksi. Onhan se niin suloinen. Mutta onko p\u00e4\u00e4t\u00f6s viisas?<br>Lintu saa nimen Naksu, se kasvaa ja kiintyy ihmisiin. Sen touhuja pihalla ja vedess\u00e4 on hauska seurata. Jotain Naksun el\u00e4m\u00e4st\u00e4 silti puuttuu eiv\u00e4tk\u00e4 ihmiset pysty t\u00e4ytt\u00e4m\u00e4\u00e4n aukkoa.<\/p>\n\n\n\n<p>Syksy tuo ongelman, sill\u00e4 lintua ei voi vied\u00e4 kaupunkikotiin. Mit\u00e4 pit\u00e4isi&nbsp;tehd\u00e4?<\/p>\n\n\n\n<figure class=\"wp-block-table is-style-stripes\"><table><tbody><tr><th class=\"has-text-align-left\" data-align=\"left\">Nimi<\/th><td class=\"has-text-align-left\" data-align=\"left\">Kes\u00e4lintuni lenn\u00e4, lenn\u00e4, lastenkirja<\/td><\/tr><tr><th class=\"has-text-align-left\" data-align=\"left\">Kirjailija<\/th><td class=\"has-text-align-left\" data-align=\"left\">Pirjo Puukko<\/td><\/tr><tr><th class=\"has-text-align-left\" data-align=\"left\">ISBN<\/th><td class=\"has-text-align-left\" data-align=\"left\">978-952-7369-07-4<\/td><\/tr><tr><th class=\"has-text-align-left\" data-align=\"left\">Tuotantovuosi<\/th><td class=\"has-text-align-left\" data-align=\"left\">2021<\/td><\/tr><tr><th class=\"has-text-align-left\" data-align=\"left\">Sivum\u00e4\u00e4r\u00e4<\/th><td class=\"has-text-align-left\" data-align=\"left\">29<\/td><\/tr><tr><th class=\"has-text-align-left\" data-align=\"left\">Hinta<\/th><td class=\"has-text-align-left\" data-align=\"left\">22<\/td><\/tr><tr><th class=\"has-text-align-left\" data-align=\"left\">Sidosasu<\/th><td class=\"has-text-align-left\" data-align=\"left\">nidottu<\/td><\/tr><\/tbody><\/table><\/figure>\n\n\n\n<div class=\"wp-block-buttons is-layout-flex wp-block-buttons-is-layout-flex\">\n<div class=\"wp-block-button is-style-outline is-style-outline--1\"><a class=\"wp-block-button__link has-palette-color-9-color has-text-color has-link-color wp-element-button\" href=\"https:\/\/holvi.com\/shop\/StresaKustannus\/product\/0d0458843cd7af2cfe9b443c9490b1bc\/\" target=\"_blank\" rel=\"noreferrer noopener\">Osta t\u00e4st\u00e4<\/a><\/div>\n<\/div>\n\n\n\n<p><\/p>\n","protected":false},"excerpt":{"rendered":"<p>Sakarin kes\u00e4\u00e4n mahtuu vain yksi asia. H\u00e4n on l\u00f6yt\u00e4nyt alkukes\u00e4ll\u00e4 avuttoman linnunpoikasen mets\u00e4st\u00e4 ja tuo sen aarteena m\u00f6kille. Kaikki eiv\u00e4t ole ihastuneita Sakarin l\u00f6yt\u00f6\u00f6n, erityisesti isosisko Kertulla on kitkeri\u00e4 mielipiteit\u00e4.Perhe pohtii asiaa p\u00e4\u00e4sem\u00e4tt\u00e4 selke\u00e4\u00e4n ratkaisuun, ja niin linnunpoikanen j\u00e4\u00e4 kuin varkain hoivattavaksi. Onhan se niin suloinen. Mutta onko p\u00e4\u00e4t\u00f6s viisas?Lintu saa nimen Naksu, se kasvaa [&hellip;]<\/p>\n","protected":false},"author":1,"featured_media":0,"parent":0,"menu_order":0,"comment_status":"closed","ping_status":"closed","template":"","meta":{"footnotes":""},"class_list":["post-481","page","type-page","status-publish","hentry"],"blocksy_meta":[],"_links":{"self":[{"href":"https:\/\/stresa.fi\/index.php\/wp-json\/wp\/v2\/pages\/481","targetHints":{"allow":["GET"]}}],"collection":[{"href":"https:\/\/stresa.fi\/index.php\/wp-json\/wp\/v2\/pages"}],"about":[{"href":"https:\/\/stresa.fi\/index.php\/wp-json\/wp\/v2\/types\/page"}],"author":[{"embeddable":true,"href":"https:\/\/stresa.fi\/index.php\/wp-json\/wp\/v2\/users\/1"}],"replies":[{"embeddable":true,"href":"https:\/\/stresa.fi\/index.php\/wp-json\/wp\/v2\/comments?post=481"}],"version-history":[{"count":2,"href":"https:\/\/stresa.fi\/index.php\/wp-json\/wp\/v2\/pages\/481\/revisions"}],"predecessor-version":[{"id":704,"href":"https:\/\/stresa.fi\/index.php\/wp-json\/wp\/v2\/pages\/481\/revisions\/704"}],"wp:attachment":[{"href":"https:\/\/stresa.fi\/index.php\/wp-json\/wp\/v2\/media?parent=481"}],"curies":[{"name":"wp","href":"https:\/\/api.w.org\/{rel}","templated":true}]}}