{"id":494,"date":"2026-04-11T20:21:32","date_gmt":"2026-04-11T20:21:32","guid":{"rendered":"https:\/\/stresa.fi\/?page_id=494"},"modified":"2026-04-22T09:48:17","modified_gmt":"2026-04-22T09:48:17","slug":"pirjo-toivanen-siskoni-italiassa","status":"publish","type":"page","link":"https:\/\/stresa.fi\/index.php\/pirjo-toivanen-siskoni-italiassa\/","title":{"rendered":"Pirjo Toivanen, Siskoni Italiassa"},"content":{"rendered":"\n<figure class=\"wp-block-image size-full is-resized\"><img loading=\"lazy\" decoding=\"async\" width=\"480\" height=\"718\" src=\"https:\/\/stresa.fi\/wp-content\/uploads\/2026\/03\/Pirjon-kirjankansi.png\" alt=\"\" class=\"wp-image-28\" style=\"width:auto;height:400px\" srcset=\"https:\/\/stresa.fi\/wp-content\/uploads\/2026\/03\/Pirjon-kirjankansi.png 480w, https:\/\/stresa.fi\/wp-content\/uploads\/2026\/03\/Pirjon-kirjankansi-201x300.png 201w\" sizes=\"auto, (max-width: 480px) 100vw, 480px\" \/><\/figure>\n\n\n\n<p>Mirjan sisko Terhi ja h\u00e4nen miehens\u00e4 Roberto ovat j\u00e4tt\u00e4neet Lontoon Cityn taakseen ja muuttaneet satoja vuosia vanhaan huvilaan Italiaan, Maggiore-j\u00e4rven rannalle. Remontti osoittautuu rankemmaksi kuin he kuvittelivat. Finanssimaailmassa on toimittu ajan hermolla. Uutisia seurataan&nbsp;my\u00f6s pikkukaupungissa, Stresassa. Heist\u00e4 ja puutarhassa ty\u00f6skentelevist\u00e4 brittinuorista tulee naapuruston puheenaihe. Mirjan sopimus Helsingin Kaupunginteatterissa on katkolla. Onko&nbsp;se ainoa syy sille, ett\u00e4 h\u00e4n ilmoittautuu siskonsa puutarhaan t\u00f6ihin?Kes\u00e4 1998 Italiassa tuo Mirjan el\u00e4m\u00e4\u00e4n ep\u00e4varmuutta monelta suunnalta. Terhi on hankkinut puutarhaansa harjoittelijoita Englannista, ruokapalkalla. Siskosten \u00e4iti ei osaa kieli\u00e4, mutta&nbsp;on lukenut lehdist\u00e4 brittinuorten huumeongelmasta. Toteutuvatko&nbsp;h\u00e4nen uhkakuvansa?<\/p>\n\n\n\n<figure class=\"wp-block-table is-style-stripes\"><table><tbody><tr><th class=\"has-text-align-left\" data-align=\"left\">Nimi<\/th><td class=\"has-text-align-left\" data-align=\"left\">Siskoni Italiassa, romaani<\/td><\/tr><tr><th class=\"has-text-align-left\" data-align=\"left\">Kirjailija<\/th><td class=\"has-text-align-left\" data-align=\"left\">Pirjo Toivanen<\/td><\/tr><tr><th class=\"has-text-align-left\" data-align=\"left\">ISBN<\/th><td class=\"has-text-align-left\" data-align=\"left\">978-952-7369-03-6<\/td><\/tr><tr><th class=\"has-text-align-left\" data-align=\"left\">Tuotantovuosi<\/th><td class=\"has-text-align-left\" data-align=\"left\">2020<\/td><\/tr><tr><th class=\"has-text-align-left\" data-align=\"left\">Sivum\u00e4\u00e4r\u00e4<\/th><td class=\"has-text-align-left\" data-align=\"left\">312<\/td><\/tr><tr><th class=\"has-text-align-left\" data-align=\"left\">Hinta<\/th><td class=\"has-text-align-left\" data-align=\"left\">19,80<\/td><\/tr><tr><th class=\"has-text-align-left\" data-align=\"left\">Sidosasu<\/th><td class=\"has-text-align-left\" data-align=\"left\">nidottu<\/td><\/tr><\/tbody><\/table><\/figure>\n\n\n\n<div class=\"wp-block-buttons is-layout-flex wp-block-buttons-is-layout-flex\">\n<div class=\"wp-block-button is-style-outline is-style-outline--1\"><a class=\"wp-block-button__link has-palette-color-9-color has-text-color has-link-color wp-element-button\" href=\"https:\/\/holvi.com\/shop\/StresaKustannus\/product\/db5f8f1a779cf11e133cf9900df6bb2b\/\" target=\"_blank\" rel=\"noreferrer noopener\">Osta t\u00e4st\u00e4<\/a><\/div>\n<\/div>\n\n\n\n<p><\/p>\n","protected":false},"excerpt":{"rendered":"<p>Mirjan sisko Terhi ja h\u00e4nen miehens\u00e4 Roberto ovat j\u00e4tt\u00e4neet Lontoon Cityn taakseen ja muuttaneet satoja vuosia vanhaan huvilaan Italiaan, Maggiore-j\u00e4rven rannalle. Remontti osoittautuu rankemmaksi kuin he kuvittelivat. Finanssimaailmassa on toimittu ajan hermolla. Uutisia seurataan&nbsp;my\u00f6s pikkukaupungissa, Stresassa. Heist\u00e4 ja puutarhassa ty\u00f6skentelevist\u00e4 brittinuorista tulee naapuruston puheenaihe. Mirjan sopimus Helsingin Kaupunginteatterissa on katkolla. Onko&nbsp;se ainoa syy sille, ett\u00e4 [&hellip;]<\/p>\n","protected":false},"author":1,"featured_media":0,"parent":0,"menu_order":0,"comment_status":"closed","ping_status":"closed","template":"","meta":{"footnotes":""},"class_list":["post-494","page","type-page","status-publish","hentry"],"blocksy_meta":[],"_links":{"self":[{"href":"https:\/\/stresa.fi\/index.php\/wp-json\/wp\/v2\/pages\/494","targetHints":{"allow":["GET"]}}],"collection":[{"href":"https:\/\/stresa.fi\/index.php\/wp-json\/wp\/v2\/pages"}],"about":[{"href":"https:\/\/stresa.fi\/index.php\/wp-json\/wp\/v2\/types\/page"}],"author":[{"embeddable":true,"href":"https:\/\/stresa.fi\/index.php\/wp-json\/wp\/v2\/users\/1"}],"replies":[{"embeddable":true,"href":"https:\/\/stresa.fi\/index.php\/wp-json\/wp\/v2\/comments?post=494"}],"version-history":[{"count":2,"href":"https:\/\/stresa.fi\/index.php\/wp-json\/wp\/v2\/pages\/494\/revisions"}],"predecessor-version":[{"id":709,"href":"https:\/\/stresa.fi\/index.php\/wp-json\/wp\/v2\/pages\/494\/revisions\/709"}],"wp:attachment":[{"href":"https:\/\/stresa.fi\/index.php\/wp-json\/wp\/v2\/media?parent=494"}],"curies":[{"name":"wp","href":"https:\/\/api.w.org\/{rel}","templated":true}]}}