{"id":513,"date":"2026-04-12T15:30:42","date_gmt":"2026-04-12T15:30:42","guid":{"rendered":"https:\/\/stresa.fi\/?page_id=513"},"modified":"2026-04-22T09:02:25","modified_gmt":"2026-04-22T09:02:25","slug":"irmeli-westermarck-nils-inkovaara-suomenlampaan-puolustaja","status":"publish","type":"page","link":"https:\/\/stresa.fi\/index.php\/irmeli-westermarck-nils-inkovaara-suomenlampaan-puolustaja\/","title":{"rendered":"Irmeli Westermarck, Nils Inkovaara \u2013 suomenlampaan puolustaja"},"content":{"rendered":"\n<figure class=\"wp-block-image size-full is-resized\"><img loading=\"lazy\" decoding=\"async\" width=\"850\" height=\"877\" src=\"https:\/\/stresa.fi\/wp-content\/uploads\/2026\/03\/9789527369043-1.jpg\" alt=\"\" class=\"wp-image-118\" style=\"width:auto;height:400px\" srcset=\"https:\/\/stresa.fi\/wp-content\/uploads\/2026\/03\/9789527369043-1.jpg 850w, https:\/\/stresa.fi\/wp-content\/uploads\/2026\/03\/9789527369043-1-291x300.jpg 291w, https:\/\/stresa.fi\/wp-content\/uploads\/2026\/03\/9789527369043-1-768x792.jpg 768w\" sizes=\"auto, (max-width: 850px) 100vw, 850px\" \/><\/figure>\n\n\n\n<p>Nils Inkovaaran (1907\u20131986) el\u00e4m\u00e4kerta on karjalaispojan matka S\u00e4kkij\u00e4rvelt\u00e4 Suomen lammastalouden merkkihenkil\u00f6ksi. Se on my\u00f6s kunnianosoitus suomenlammasta tunnetuksi tehneelle miehelle.<br>Tarina k\u00e4ynnistyy S\u00e4kkij\u00e4rven pappilasta, miss\u00e4 leski\u00e4iti ja sukulaiset huolehtivat pojan kasvatuksesta ja ohjaavat h\u00e4net opintielle Viipuriin ja Helsinkiin. Miehen kentt\u00e4kokemus piirikonsulenttin\u00e4 ja sitke\u00e4 yritt\u00e4j\u00e4henkisyytens\u00e4 olivat valintaperusteena, kun h\u00e4net valittiin vuonna 1939 Lampaan ja Vuohenhoitoyhdistyksen toiminnanjohtajaksi. Nils Inkovaarassa yhdistyiv\u00e4t vilkas karjalainen maalaispoika sek\u00e4 jouheva helsinkil\u00e4inen herrasmies.<\/p>\n\n\n\n<figure class=\"wp-block-table is-style-stripes\"><table><tbody><tr><th class=\"has-text-align-left\" data-align=\"left\">Nimi<\/th><td class=\"has-text-align-left\" data-align=\"left\">Nils Inkovaara \u2013 suomenlampaan puolustaja, El\u00e4m\u00e4kerta<\/td><\/tr><tr><th class=\"has-text-align-left\" data-align=\"left\">Kirjailija<\/th><td class=\"has-text-align-left\" data-align=\"left\">Irmeli Westermarck<\/td><\/tr><tr><th class=\"has-text-align-left\" data-align=\"left\">ISBN<\/th><td class=\"has-text-align-left\" data-align=\"left\">978-952-7369-04-3<\/td><\/tr><tr><th class=\"has-text-align-left\" data-align=\"left\">Tuotantovuosi<\/th><td class=\"has-text-align-left\" data-align=\"left\">2021<\/td><\/tr><tr><th class=\"has-text-align-left\" data-align=\"left\">Sivum\u00e4\u00e4r\u00e4<\/th><td class=\"has-text-align-left\" data-align=\"left\">96<\/td><\/tr><tr><th class=\"has-text-align-left\" data-align=\"left\">Hinta<\/th><td class=\"has-text-align-left\" data-align=\"left\">20<\/td><\/tr><tr><th class=\"has-text-align-left\" data-align=\"left\">Sidosasu<\/th><td class=\"has-text-align-left\" data-align=\"left\">nidottu<\/td><\/tr><\/tbody><\/table><\/figure>\n\n\n\n<div class=\"wp-block-buttons is-layout-flex wp-block-buttons-is-layout-flex\">\n<div class=\"wp-block-button is-style-outline is-style-outline--1\"><a class=\"wp-block-button__link has-palette-color-9-color has-text-color has-link-color wp-element-button\" href=\"https:\/\/holvi.com\/shop\/StresaKustannus\/product\/3ddc4ce6ed81674fe336156ee504192c\/\" target=\"_blank\" rel=\"noreferrer noopener\">Osta t\u00e4st\u00e4<\/a><\/div>\n<\/div>\n\n\n\n<p><\/p>\n","protected":false},"excerpt":{"rendered":"<p>Nils Inkovaaran (1907\u20131986) el\u00e4m\u00e4kerta on karjalaispojan matka S\u00e4kkij\u00e4rvelt\u00e4 Suomen lammastalouden merkkihenkil\u00f6ksi. Se on my\u00f6s kunnianosoitus suomenlammasta tunnetuksi tehneelle miehelle.Tarina k\u00e4ynnistyy S\u00e4kkij\u00e4rven pappilasta, miss\u00e4 leski\u00e4iti ja sukulaiset huolehtivat pojan kasvatuksesta ja ohjaavat h\u00e4net opintielle Viipuriin ja Helsinkiin. Miehen kentt\u00e4kokemus piirikonsulenttin\u00e4 ja sitke\u00e4 yritt\u00e4j\u00e4henkisyytens\u00e4 olivat valintaperusteena, kun h\u00e4net valittiin vuonna 1939 Lampaan ja Vuohenhoitoyhdistyksen toiminnanjohtajaksi. Nils Inkovaarassa [&hellip;]<\/p>\n","protected":false},"author":1,"featured_media":0,"parent":0,"menu_order":0,"comment_status":"closed","ping_status":"closed","template":"","meta":{"footnotes":""},"class_list":["post-513","page","type-page","status-publish","hentry"],"blocksy_meta":[],"_links":{"self":[{"href":"https:\/\/stresa.fi\/index.php\/wp-json\/wp\/v2\/pages\/513","targetHints":{"allow":["GET"]}}],"collection":[{"href":"https:\/\/stresa.fi\/index.php\/wp-json\/wp\/v2\/pages"}],"about":[{"href":"https:\/\/stresa.fi\/index.php\/wp-json\/wp\/v2\/types\/page"}],"author":[{"embeddable":true,"href":"https:\/\/stresa.fi\/index.php\/wp-json\/wp\/v2\/users\/1"}],"replies":[{"embeddable":true,"href":"https:\/\/stresa.fi\/index.php\/wp-json\/wp\/v2\/comments?post=513"}],"version-history":[{"count":3,"href":"https:\/\/stresa.fi\/index.php\/wp-json\/wp\/v2\/pages\/513\/revisions"}],"predecessor-version":[{"id":682,"href":"https:\/\/stresa.fi\/index.php\/wp-json\/wp\/v2\/pages\/513\/revisions\/682"}],"wp:attachment":[{"href":"https:\/\/stresa.fi\/index.php\/wp-json\/wp\/v2\/media?parent=513"}],"curies":[{"name":"wp","href":"https:\/\/api.w.org\/{rel}","templated":true}]}}